{"id":1438,"date":"2025-02-04T18:31:28","date_gmt":"2025-02-04T18:31:28","guid":{"rendered":"https:\/\/eml-sa.com\/?page_id=1438"},"modified":"2025-05-15T14:42:45","modified_gmt":"2025-05-15T14:42:45","slug":"politica-de-privacidade","status":"publish","type":"page","link":"https:\/\/eml-sa.com\/pt-pt\/politica-de-privacidade\/","title":{"rendered":"Pol\u00edtica de Privacidade"},"content":{"rendered":"[vc_row type=&#8221;in_container&#8221; full_screen_row_position=&#8221;middle&#8221; column_margin=&#8221;default&#8221; column_direction=&#8221;default&#8221; column_direction_tablet=&#8221;default&#8221; column_direction_phone=&#8221;default&#8221; scene_position=&#8221;center&#8221; top_padding=&#8221;5%&#8221; text_color=&#8221;dark&#8221; text_align=&#8221;left&#8221; row_border_radius=&#8221;none&#8221; row_border_radius_applies=&#8221;bg&#8221; overflow=&#8221;visible&#8221; overlay_strength=&#8221;0.3&#8243; gradient_direction=&#8221;left_to_right&#8221; shape_divider_position=&#8221;bottom&#8221; bg_image_animation=&#8221;none&#8221; gradient_type=&#8221;default&#8221; shape_type=&#8221;&#8221;][vc_column column_padding=&#8221;no-extra-padding&#8221; column_padding_tablet=&#8221;inherit&#8221; column_padding_phone=&#8221;inherit&#8221; column_padding_position=&#8221;all&#8221; column_element_direction_desktop=&#8221;default&#8221; column_element_spacing=&#8221;default&#8221; centered_text=&#8221;true&#8221; desktop_text_alignment=&#8221;default&#8221; tablet_text_alignment=&#8221;default&#8221; phone_text_alignment=&#8221;default&#8221; background_color_opacity=&#8221;1&#8243; background_hover_color_opacity=&#8221;1&#8243; column_backdrop_filter=&#8221;none&#8221; column_shadow=&#8221;none&#8221; column_border_radius=&#8221;none&#8221; column_link_target=&#8221;_self&#8221; column_position=&#8221;default&#8221; gradient_direction=&#8221;left_to_right&#8221; overlay_strength=&#8221;0.3&#8243; width=&#8221;1\/1&#8243; tablet_width_inherit=&#8221;default&#8221; animation_type=&#8221;default&#8221; bg_image_animation=&#8221;none&#8221; border_type=&#8221;simple&#8221; column_border_width=&#8221;none&#8221; column_border_style=&#8221;solid&#8221; column_padding_type=&#8221;default&#8221; gradient_type=&#8221;default&#8221;][vc_column_text css=&#8221;&#8221; text_direction=&#8221;default&#8221;]\n<h1><strong>Pol\u00edtica de Privacidade<\/strong><\/h1>\n[\/vc_column_text][\/vc_column][\/vc_row][vc_row type=&#8221;in_container&#8221; full_screen_row_position=&#8221;middle&#8221; column_margin=&#8221;default&#8221; column_direction=&#8221;default&#8221; column_direction_tablet=&#8221;default&#8221; column_direction_phone=&#8221;default&#8221; scene_position=&#8221;center&#8221; top_padding=&#8221;5%&#8221; constrain_group_1=&#8221;yes&#8221; bottom_padding=&#8221;5%&#8221; text_color=&#8221;dark&#8221; text_align=&#8221;left&#8221; row_border_radius=&#8221;none&#8221; row_border_radius_applies=&#8221;bg&#8221; overflow=&#8221;visible&#8221; overlay_strength=&#8221;0.3&#8243; gradient_direction=&#8221;left_to_right&#8221; shape_divider_position=&#8221;bottom&#8221; bg_image_animation=&#8221;none&#8221; gradient_type=&#8221;default&#8221; shape_type=&#8221;&#8221;][vc_column column_padding=&#8221;no-extra-padding&#8221; column_padding_tablet=&#8221;inherit&#8221; column_padding_phone=&#8221;inherit&#8221; column_padding_position=&#8221;all&#8221; column_element_direction_desktop=&#8221;default&#8221; column_element_spacing=&#8221;default&#8221; desktop_text_alignment=&#8221;default&#8221; tablet_text_alignment=&#8221;default&#8221; phone_text_alignment=&#8221;default&#8221; background_color_opacity=&#8221;1&#8243; background_hover_color_opacity=&#8221;1&#8243; column_backdrop_filter=&#8221;none&#8221; column_shadow=&#8221;none&#8221; column_border_radius=&#8221;none&#8221; column_link_target=&#8221;_self&#8221; column_position=&#8221;default&#8221; gradient_direction=&#8221;left_to_right&#8221; overlay_strength=&#8221;0.3&#8243; width=&#8221;1\/1&#8243; tablet_width_inherit=&#8221;default&#8221; animation_type=&#8221;default&#8221; bg_image_animation=&#8221;none&#8221; border_type=&#8221;simple&#8221; column_border_width=&#8221;none&#8221; column_border_style=&#8221;solid&#8221;][vc_column_text css=&#8221;&#8221; text_direction=&#8221;default&#8221;]\n<p><strong>A EML, S.A.<\/strong> (doravante designada por \u201c<strong>EML<\/strong>\u201d) compromete-se a respeitar a privacidade dos titulares dos dados, bem como a proteger e garantir a seguran\u00e7a dos seus dados pessoais. O objetivo desta Pol\u00edtica de Privacidade \u00e9 informar os utilizadores (doravante designados por \u201c<strong>Utilizador<\/strong>\u201d ou \u201c<strong>Utilizadores<\/strong>\u201d) sobre a forma como a EML trata os dados pessoais fornecidos atrav\u00e9s do website <a class=\"\" href=\"https:\/\/eml-sa.com\/pt-pt\" target=\"_new\" rel=\"noopener\">https:\/\/eml-sa.com\/pt-pt\/a&gt; (doravante designado por \u201c<strong>Website<\/strong>\u201d).<\/a><\/p>\n<p>Antes de utilizar o Website, o Utilizador deve ler atentamente esta Pol\u00edtica de Privacidade e decidir se pretende fornecer ou n\u00e3o os seus dados pessoais \u00e0 EML.<\/p>\n<p>A utiliza\u00e7\u00e3o do Website implica o reconhecimento dos termos constantes desta Pol\u00edtica de Privacidade. Esta Pol\u00edtica de Privacidade deve ser lida em conjunto com os Termos de Utiliza\u00e7\u00e3o e a Pol\u00edtica de Cookies do Website.<\/p>\n<h4><\/h4>\n<p>&nbsp;<\/p>\n<h4><strong>\u00c2mbito de aplica\u00e7\u00e3o e entidade respons\u00e1vel pelo tratamento de dados pessoais<\/strong><\/h4>\n<p>A utiliza\u00e7\u00e3o do Website n\u00e3o exige necessariamente a disponibiliza\u00e7\u00e3o de dados pessoais por parte do Utilizador. No entanto, qualquer tratamento de dados pessoais associado \u00e0 utiliza\u00e7\u00e3o do Website ser\u00e1 realizado com base nos interesses leg\u00edtimos do respons\u00e1vel pelo tratamento ou com base no consentimento do titular dos dados.<\/p>\n<p>Relativamente aos dados pessoais recolhidos, a entidade respons\u00e1vel pelo tratamento \u00e9:<\/p>\n<p><strong>EML, S.A.<\/strong><\/p>\n<p>Pode contactar a EML, S.A., sobre qualquer quest\u00e3o relacionada com esta Pol\u00edtica de Privacidade atrav\u00e9s dos seguintes meios:<\/p>\n<ul>\n<li><strong>Endere\u00e7o postal:<\/strong> Lagoas Park, Edif\u00edcio 3, Piso 3, 2740-266 Porto Salvo, Portugal<\/li>\n<li><strong>Endere\u00e7o de email:<\/strong> <a class=\"cursor-pointer\" rel=\"noopener\">geral@eml-sa.com<\/a><\/li>\n<\/ul>\n<h3><\/h3>\n<h3><\/h3>\n<h4><\/h4>\n<p>&nbsp;<\/p>\n<h4><strong>Dados pessoais, finalidades do tratamento e fundamento jur\u00eddico<\/strong><\/h4>\n<p>Os dados recolhidos sobre a utiliza\u00e7\u00e3o do Website, como o IP do dispositivo utilizado, a data e hora de in\u00edcio e fim da visita, o hist\u00f3rico de navega\u00e7\u00e3o ou outras informa\u00e7\u00f5es recolhidas atrav\u00e9s de cookies, s\u00e3o utilizados para:<\/p>\n<ul>\n<li>Gest\u00e3o e manuten\u00e7\u00e3o da seguran\u00e7a do Website;<\/li>\n<li>Personaliza\u00e7\u00e3o da experi\u00eancia de navega\u00e7\u00e3o (nomeadamente cookies de personaliza\u00e7\u00e3o);<\/li>\n<li>Presta\u00e7\u00e3o e an\u00e1lise da utiliza\u00e7\u00e3o do Website para compreender a intera\u00e7\u00e3o do Utilizador com o mesmo, mediante o seu consentimento (nomeadamente cookies anal\u00edticos);<\/li>\n<li>Melhorar os relat\u00f3rios sobre o desempenho de campanhas e evitar mostrar an\u00fancios repetidos ou irrelevantes (nomeadamente cookies de publicidade).<\/li>\n<\/ul>\n<p>Estes dados ser\u00e3o recolhidos com base na necessidade de tratamento para a prossecu\u00e7\u00e3o de interesses leg\u00edtimos do respons\u00e1vel pelo tratamento ou com base no consentimento do Utilizador, conforme aplic\u00e1vel. Para mais informa\u00e7\u00f5es sobre estas atividades de tratamento e os cookies utilizados, consulte a nossa <strong>Pol\u00edtica de Cookies<\/strong>.<\/p>\n<h4><\/h4>\n<p>&nbsp;<\/p>\n<h4><strong>Per\u00edodo de conserva\u00e7\u00e3o<\/strong><\/h4>\n<p>Os dados pessoais recolhidos s\u00e3o tratados em estrita conformidade com a legisla\u00e7\u00e3o aplic\u00e1vel. Ser\u00e3o conservados em fun\u00e7\u00e3o das respetivas finalidades e durante os prazos legais aplic\u00e1veis.<\/p>\n<p>Em caso de lit\u00edgio potencial ou efetivo em que a EML esteja diretamente envolvida, poder\u00e1 ser necess\u00e1rio prolongar o prazo de conserva\u00e7\u00e3o dos dados at\u00e9 \u00e0 resolu\u00e7\u00e3o do lit\u00edgio ou pelo tempo necess\u00e1rio para cumprimento de obriga\u00e7\u00f5es legais.<\/p>\n<h4><\/h4>\n<p>&nbsp;<\/p>\n<h4><strong>Em que circunst\u00e2ncias os dados s\u00e3o comunicados a outras entidades?<\/strong><\/h4>\n<p>A EML poder\u00e1 transmitir os dados pessoais recolhidos a outras entidades sempre que recorra a estas para a presta\u00e7\u00e3o de determinados servi\u00e7os, os quais podem implicar o acesso a dados pessoais. Assim, qualquer subcontratante da EML tratar\u00e1 os dados pessoais em nome da EML, de acordo com as instru\u00e7\u00f5es desta e nos termos do contrato de subcontrata\u00e7\u00e3o celebrado.<\/p>\n<p>Os dados dos Utilizadores poder\u00e3o ainda ser comunicados a terceiros quando tal transmiss\u00e3o for considerada necess\u00e1ria ou adequada (i) nos termos da legisla\u00e7\u00e3o aplic\u00e1vel, (ii) para cumprimento de obriga\u00e7\u00f5es legais ou ordens judiciais, (iii) em conformidade com decis\u00f5es de autoridades de supervis\u00e3o, ou (iv) para responder a solicita\u00e7\u00f5es de autoridades p\u00fablicas ou governamentais.<\/p>\n<p>Em qualquer dos casos mencionados, a EML adotar\u00e1 as medidas adequadas para garantir a prote\u00e7\u00e3o efetiva dos dados pessoais.<\/p>\n<h4><\/h4>\n<p>&nbsp;<\/p>\n<h4><strong>Seguran\u00e7a<\/strong><\/h4>\n<p>A EML envida todos os esfor\u00e7os para proteger os dados pessoais dos Utilizadores contra acessos n\u00e3o autorizados. Para tal, implementa sistemas de seguran\u00e7a, regras e outros procedimentos com vista \u00e0 prote\u00e7\u00e3o dos dados pessoais, bem como \u00e0 preven\u00e7\u00e3o de acessos n\u00e3o autorizados, uso indevido, divulga\u00e7\u00e3o, perda ou destrui\u00e7\u00e3o dos dados.<\/p>\n<p>Contudo, \u00e9 da responsabilidade dos Utilizadores assegurarem que o computador utilizado para aceder ao Website est\u00e1 devidamente protegido contra software malicioso, v\u00edrus e worms. Os Utilizadores devem tamb\u00e9m estar cientes de que, sem medidas de seguran\u00e7a adequadas (como a configura\u00e7\u00e3o segura do navegador, software antiv\u00edrus atualizado e a n\u00e3o utiliza\u00e7\u00e3o de programas provenientes de fontes n\u00e3o confi\u00e1veis), existe um risco acrescido de os seus dados e palavras-passe serem acedidos por terceiros n\u00e3o autorizados.<\/p>\n<p>Os dados recolhidos durante a navega\u00e7\u00e3o no Website, nomeadamente atrav\u00e9s de cookies e tecnologias semelhantes, podem ser transferidos para fora do Espa\u00e7o Econ\u00f3mico Europeu (EEE), caso o Utilizador consinta a utiliza\u00e7\u00e3o de determinadas categorias de cookies (como cookies anal\u00edticos ou de publicidade). Estes cookies s\u00e3o colocados por terceiros que podem transferir dados para pa\u00edses que n\u00e3o t\u00eam decis\u00e3o de adequa\u00e7\u00e3o por parte da Comiss\u00e3o Europeia e que n\u00e3o oferecem um n\u00edvel de prote\u00e7\u00e3o essencialmente equivalente ao da Uni\u00e3o Europeia (como os Estados Unidos da Am\u00e9rica), como acontece com o servi\u00e7o de an\u00e1lise \u201cGoogle Analytics\u201d. Por exemplo, a partilha de dados com prestadores de servi\u00e7os fora do EEE pode implicar o acesso desproporcional aos seus dados por parte de autoridades governamentais e de intelig\u00eancia desses pa\u00edses, bem como a impossibilidade de exercer eficazmente os seus direitos. Para mais informa\u00e7\u00f5es sobre a utiliza\u00e7\u00e3o destes cookies, consulte a <strong>Pol\u00edtica de Cookies<\/strong>.<\/p>\n<p>Caso o Utilizador pretenda obter mais informa\u00e7\u00f5es sobre o tratamento de dados pessoais fora do EEE, incluindo sobre as garantias adotadas, poder\u00e1 contactar a EML atrav\u00e9s dos contactos indicados nesta Pol\u00edtica.<\/p>\n<h4><\/h4>\n<p>&nbsp;<\/p>\n<h4><strong>Direitos dos Titulares dos Dados<\/strong><\/h4>\n<p>Nos termos da legisla\u00e7\u00e3o aplic\u00e1vel, o Utilizador pode, a qualquer momento, solicitar o acesso aos seus dados pessoais, bem como a sua retifica\u00e7\u00e3o, apagamento, limita\u00e7\u00e3o do tratamento, portabilidade ou oposi\u00e7\u00e3o ao tratamento.<\/p>\n<p>O Utilizador poder\u00e1 ainda obter a confirma\u00e7\u00e3o de que os seus dados est\u00e3o a ser tratados e, se assim o desejar, receber uma c\u00f3pia dos dados em tratamento.<\/p>\n<p>Nos termos legais, o Utilizador tem ainda o direito de retirar o seu consentimento para o tratamento de dados para as finalidades indicadas, sem que tal comprometa a licitude do tratamento realizado com base no consentimento previamente prestado.<\/p>\n<p>Para exercer qualquer um destes direitos, o Utilizador deve apresentar um pedido escrito para os seguintes contactos:<\/p>\n<ul>\n<li><strong>Email:<\/strong> <a class=\"cursor-pointer\" rel=\"noopener\">rgpd@eml-sa.com<\/a><\/li>\n<li><strong>Endere\u00e7o:<\/strong> Lagoas Park, Edif\u00edcio 3, Piso 3, 2740-266 Porto Salvo, Portugal<\/li>\n<\/ul>\n<p>Os links disponibilizados neste Website podem conduzir a outros websites. A EML n\u00e3o se responsabiliza, n\u00e3o aprova, apoia nem subscreve o conte\u00fado desses websites, nem o conte\u00fado de websites a eles ligados ou referidos.<\/p>\n<p>A EML n\u00e3o se responsabiliza por quaisquer danos decorrentes de v\u00edrus que possam infetar o computador, rede ou outros bens do Utilizador, devido ao acesso ao Website ou \u00e0 transfer\u00eancia de conte\u00fados para o seu dispositivo. Os Utilizadores s\u00e3o os \u00fanicos respons\u00e1veis pela utiliza\u00e7\u00e3o destes links.<\/p>\n<p>Esta declara\u00e7\u00e3o de privacidade aplica-se exclusivamente \u00e0s informa\u00e7\u00f5es recolhidas no Website da EML.<\/p>\n<h4><\/h4>\n<p>&nbsp;<\/p>\n<h4><strong>Reclama\u00e7\u00f5es<\/strong><\/h4>\n<p>Sem preju\u00edzo de qualquer outro recurso administrativo ou judicial, o Utilizador tem o direito de apresentar reclama\u00e7\u00e3o \u00e0 autoridade de controlo competente, caso entenda que o tratamento dos seus dados por parte da EML viola a legisla\u00e7\u00e3o aplic\u00e1vel.<\/p>\n<h4><\/h4>\n<p>&nbsp;<\/p>\n<h4><strong>Altera\u00e7\u00f5es \u00e0 Pol\u00edtica de Privacidade<\/strong><\/h4>\n<p>A EML pode, a qualquer momento, sem aviso pr\u00e9vio e com efeitos imediatos, alterar, ampliar ou revogar, total ou parcialmente, a presente Pol\u00edtica de Privacidade. O Utilizador deve consultar periodicamente esta p\u00e1gina para verificar se foram efetuadas atualiza\u00e7\u00f5es ou altera\u00e7\u00f5es.<\/p>\n<p>&nbsp;<\/p>\n<p style=\"text-align: right;\"><em>[Data da implementa\u00e7\u00e3o \/ \u00faltima atualiza\u00e7\u00e3o<\/em>]\n[\/vc_column_text][\/vc_column][\/vc_row]\n","protected":false},"excerpt":{"rendered":"<p>[vc_row type=&#8221;in_container&#8221; full_screen_row_position=&#8221;middle&#8221; column_margin=&#8221;default&#8221; column_direction=&#8221;default&#8221; column_direction_tablet=&#8221;default&#8221; column_direction_phone=&#8221;default&#8221; scene_position=&#8221;center&#8221; top_padding=&#8221;5%&#8221; text_color=&#8221;dark&#8221; text_align=&#8221;left&#8221; row_border_radius=&#8221;none&#8221; row_border_radius_applies=&#8221;bg&#8221; overflow=&#8221;visible&#8221; overlay_strength=&#8221;0.3&#8243; gradient_direction=&#8221;left_to_right&#8221; shape_divider_position=&#8221;bottom&#8221; bg_image_animation=&#8221;none&#8221; gradient_type=&#8221;default&#8221; shape_type=&#8221;&#8221;][vc_column column_padding=&#8221;no-extra-padding&#8221; column_padding_tablet=&#8221;inherit&#8221; column_padding_phone=&#8221;inherit&#8221; column_padding_position=&#8221;all&#8221; column_element_direction_desktop=&#8221;default&#8221; column_element_spacing=&#8221;default&#8221; centered_text=&#8221;true&#8221; desktop_text_alignment=&#8221;default&#8221; tablet_text_alignment=&#8221;default&#8221; phone_text_alignment=&#8221;default&#8221;&#8230;<\/p>\n","protected":false},"author":1,"featured_media":0,"parent":0,"menu_order":0,"comment_status":"closed","ping_status":"closed","template":"","meta":{"inline_featured_image":false,"footnotes":""},"class_list":["post-1438","page","type-page","status-publish"],"yoast_head":"<!-- This site is optimized with the Yoast SEO plugin v25.6 - https:\/\/yoast.com\/wordpress\/plugins\/seo\/ -->\n<title>Pol\u00edtica de Privacidade - EML SA<\/title>\n<meta name=\"robots\" content=\"index, follow, max-snippet:-1, max-image-preview:large, max-video-preview:-1\" \/>\n<link rel=\"canonical\" href=\"https:\/\/eml-sa.com\/privacy-policy\/\" \/>\n<meta property=\"og:locale\" content=\"pt_PT\" \/>\n<meta property=\"og:type\" content=\"article\" \/>\n<meta property=\"og:title\" content=\"Pol\u00edtica de Privacidade - EML SA\" \/>\n<meta property=\"og:description\" content=\"[vc_row type=&#8221;in_container&#8221; full_screen_row_position=&#8221;middle&#8221; column_margin=&#8221;default&#8221; column_direction=&#8221;default&#8221; column_direction_tablet=&#8221;default&#8221; column_direction_phone=&#8221;default&#8221; scene_position=&#8221;center&#8221; top_padding=&#8221;5%&#8221; text_color=&#8221;dark&#8221; text_align=&#8221;left&#8221; row_border_radius=&#8221;none&#8221; row_border_radius_applies=&#8221;bg&#8221; overflow=&#8221;visible&#8221; overlay_strength=&#8221;0.3&#8243; gradient_direction=&#8221;left_to_right&#8221; shape_divider_position=&#8221;bottom&#8221; bg_image_animation=&#8221;none&#8221; gradient_type=&#8221;default&#8221; shape_type=&#8221;&#8221;][vc_column column_padding=&#8221;no-extra-padding&#8221; column_padding_tablet=&#8221;inherit&#8221; column_padding_phone=&#8221;inherit&#8221; column_padding_position=&#8221;all&#8221; column_element_direction_desktop=&#8221;default&#8221; column_element_spacing=&#8221;default&#8221; centered_text=&#8221;true&#8221; desktop_text_alignment=&#8221;default&#8221; tablet_text_alignment=&#8221;default&#8221; phone_text_alignment=&#8221;default&#8221;...\" \/>\n<meta property=\"og:url\" content=\"https:\/\/eml-sa.com\/privacy-policy\/\" \/>\n<meta property=\"og:site_name\" content=\"EML SA\" \/>\n<meta property=\"article:modified_time\" content=\"2025-05-15T14:42:45+00:00\" \/>\n<meta name=\"twitter:card\" content=\"summary_large_image\" \/>\n<meta name=\"twitter:label1\" content=\"Tempo estimado de leitura\" \/>\n\t<meta name=\"twitter:data1\" content=\"9 minutos\" \/>\n<script type=\"application\/ld+json\" class=\"yoast-schema-graph\">{\"@context\":\"https:\/\/schema.org\",\"@graph\":[{\"@type\":\"WebPage\",\"@id\":\"https:\/\/eml-sa.com\/privacy-policy\/\",\"url\":\"https:\/\/eml-sa.com\/privacy-policy\/\",\"name\":\"Pol\u00edtica de Privacidade - EML SA\",\"isPartOf\":{\"@id\":\"https:\/\/eml-sa.com\/#website\"},\"datePublished\":\"2025-02-04T18:31:28+00:00\",\"dateModified\":\"2025-05-15T14:42:45+00:00\",\"breadcrumb\":{\"@id\":\"https:\/\/eml-sa.com\/privacy-policy\/#breadcrumb\"},\"inLanguage\":\"pt-PT\",\"potentialAction\":[{\"@type\":\"ReadAction\",\"target\":[\"https:\/\/eml-sa.com\/privacy-policy\/\"]}]},{\"@type\":\"BreadcrumbList\",\"@id\":\"https:\/\/eml-sa.com\/privacy-policy\/#breadcrumb\",\"itemListElement\":[{\"@type\":\"ListItem\",\"position\":1,\"name\":\"Home\",\"item\":\"https:\/\/eml-sa.com\/pt-pt\/\"},{\"@type\":\"ListItem\",\"position\":2,\"name\":\"Pol\u00edtica de Privacidade\"}]},{\"@type\":\"WebSite\",\"@id\":\"https:\/\/eml-sa.com\/#website\",\"url\":\"https:\/\/eml-sa.com\/\",\"name\":\"EML SA\",\"description\":\"\",\"potentialAction\":[{\"@type\":\"SearchAction\",\"target\":{\"@type\":\"EntryPoint\",\"urlTemplate\":\"https:\/\/eml-sa.com\/?s={search_term_string}\"},\"query-input\":{\"@type\":\"PropertyValueSpecification\",\"valueRequired\":true,\"valueName\":\"search_term_string\"}}],\"inLanguage\":\"pt-PT\"}]}<\/script>\n<!-- \/ Yoast SEO plugin. -->","yoast_head_json":{"title":"Pol\u00edtica de Privacidade - EML SA","robots":{"index":"index","follow":"follow","max-snippet":"max-snippet:-1","max-image-preview":"max-image-preview:large","max-video-preview":"max-video-preview:-1"},"canonical":"https:\/\/eml-sa.com\/privacy-policy\/","og_locale":"pt_PT","og_type":"article","og_title":"Pol\u00edtica de Privacidade - EML SA","og_description":"[vc_row type=&#8221;in_container&#8221; full_screen_row_position=&#8221;middle&#8221; column_margin=&#8221;default&#8221; column_direction=&#8221;default&#8221; column_direction_tablet=&#8221;default&#8221; column_direction_phone=&#8221;default&#8221; scene_position=&#8221;center&#8221; top_padding=&#8221;5%&#8221; text_color=&#8221;dark&#8221; text_align=&#8221;left&#8221; row_border_radius=&#8221;none&#8221; row_border_radius_applies=&#8221;bg&#8221; overflow=&#8221;visible&#8221; overlay_strength=&#8221;0.3&#8243; gradient_direction=&#8221;left_to_right&#8221; shape_divider_position=&#8221;bottom&#8221; bg_image_animation=&#8221;none&#8221; gradient_type=&#8221;default&#8221; shape_type=&#8221;&#8221;][vc_column column_padding=&#8221;no-extra-padding&#8221; column_padding_tablet=&#8221;inherit&#8221; column_padding_phone=&#8221;inherit&#8221; column_padding_position=&#8221;all&#8221; column_element_direction_desktop=&#8221;default&#8221; column_element_spacing=&#8221;default&#8221; centered_text=&#8221;true&#8221; desktop_text_alignment=&#8221;default&#8221; tablet_text_alignment=&#8221;default&#8221; phone_text_alignment=&#8221;default&#8221;...","og_url":"https:\/\/eml-sa.com\/privacy-policy\/","og_site_name":"EML SA","article_modified_time":"2025-05-15T14:42:45+00:00","twitter_card":"summary_large_image","twitter_misc":{"Tempo estimado de leitura":"9 minutos"},"schema":{"@context":"https:\/\/schema.org","@graph":[{"@type":"WebPage","@id":"https:\/\/eml-sa.com\/privacy-policy\/","url":"https:\/\/eml-sa.com\/privacy-policy\/","name":"Pol\u00edtica de Privacidade - EML SA","isPartOf":{"@id":"https:\/\/eml-sa.com\/#website"},"datePublished":"2025-02-04T18:31:28+00:00","dateModified":"2025-05-15T14:42:45+00:00","breadcrumb":{"@id":"https:\/\/eml-sa.com\/privacy-policy\/#breadcrumb"},"inLanguage":"pt-PT","potentialAction":[{"@type":"ReadAction","target":["https:\/\/eml-sa.com\/privacy-policy\/"]}]},{"@type":"BreadcrumbList","@id":"https:\/\/eml-sa.com\/privacy-policy\/#breadcrumb","itemListElement":[{"@type":"ListItem","position":1,"name":"Home","item":"https:\/\/eml-sa.com\/pt-pt\/"},{"@type":"ListItem","position":2,"name":"Pol\u00edtica de Privacidade"}]},{"@type":"WebSite","@id":"https:\/\/eml-sa.com\/#website","url":"https:\/\/eml-sa.com\/","name":"EML SA","description":"","potentialAction":[{"@type":"SearchAction","target":{"@type":"EntryPoint","urlTemplate":"https:\/\/eml-sa.com\/?s={search_term_string}"},"query-input":{"@type":"PropertyValueSpecification","valueRequired":true,"valueName":"search_term_string"}}],"inLanguage":"pt-PT"}]}},"_links":{"self":[{"href":"https:\/\/eml-sa.com\/pt-pt\/wp-json\/wp\/v2\/pages\/1438","targetHints":{"allow":["GET"]}}],"collection":[{"href":"https:\/\/eml-sa.com\/pt-pt\/wp-json\/wp\/v2\/pages"}],"about":[{"href":"https:\/\/eml-sa.com\/pt-pt\/wp-json\/wp\/v2\/types\/page"}],"author":[{"embeddable":true,"href":"https:\/\/eml-sa.com\/pt-pt\/wp-json\/wp\/v2\/users\/1"}],"replies":[{"embeddable":true,"href":"https:\/\/eml-sa.com\/pt-pt\/wp-json\/wp\/v2\/comments?post=1438"}],"version-history":[{"count":3,"href":"https:\/\/eml-sa.com\/pt-pt\/wp-json\/wp\/v2\/pages\/1438\/revisions"}],"predecessor-version":[{"id":1442,"href":"https:\/\/eml-sa.com\/pt-pt\/wp-json\/wp\/v2\/pages\/1438\/revisions\/1442"}],"wp:attachment":[{"href":"https:\/\/eml-sa.com\/pt-pt\/wp-json\/wp\/v2\/media?parent=1438"}],"curies":[{"name":"wp","href":"https:\/\/api.w.org\/{rel}","templated":true}]}}